{"id":2,"date":"2019-01-02T13:23:21","date_gmt":"2019-01-02T12:23:21","guid":{"rendered":"http:\/\/lapensionalmayer.com\/?page_id=2"},"modified":"2024-03-25T09:46:27","modified_gmt":"2024-03-25T08:46:27","slug":"story","status":"publish","type":"page","link":"https:\/\/lapensionalmayer.com\/","title":{"rendered":""},"content":{"rendered":"<p>\u00a0<\/p>\n<h4 style=\"text-align: center;\"><strong>Bienvenue dans l&#8217;univers \u00e9trange de la Pension Almayer, livre de contes illustr\u00e9s pour grandes personnes. Tournez la page, juste pour voir&#8230;<\/strong><\/h4>\n<p style=\"text-align: center;\"><em>\u00c0 la Pension Almayer<\/em><br \/><em>Il y a sept chambres \u00e0 louer<\/em><br \/><em>La moiti\u00e9 sont peintes en vert<\/em><br \/><em>Et deux autres sont dor\u00e9es<\/em><\/p>\n<p style=\"text-align: center;\"><em>Si vous arrivez dimanche<\/em><br \/><em>Vous aurez la chambre blanche<\/em><br \/><em>Si vous arrivez fort tard<\/em><br \/><em>Vous aurez la chambre noire<\/em><\/p>\n<p style=\"text-align: center;\"><em>\u00c0 toute heure de la journ\u00e9e<br \/><\/em><em>Le jardin et ses sentiers<\/em><br \/><em>vous m\u00e8neront o\u00f9 bon vous semble<\/em><br \/><em>Mais pas \u00e0 la nuit tomb\u00e9e<\/em><\/p>\n<p style=\"text-align: center;\"><em>Car c\u2019est alors au foyer<\/em><br \/><em>Que les h\u00f4tes se rassemblent<\/em><br \/><em>Pour s\u2019entendre raconter<\/em><br \/><em>Qu\u2019\u00e0 la Pension Almayer<br \/>Il y a sept chambres \u00e0 louer\u2026<\/em><\/p>\n<p>\u00a0<\/p>\n<p>\u00a0<\/p>\n\n\n<p><\/p>\n","protected":false},"excerpt":{"rendered":"<p>\u00a0 Bienvenue dans l&#8217;univers \u00e9trange de la Pension Almayer, livre de contes illustr\u00e9s pour grandes personnes. Tournez la page, juste pour voir&#8230; \u00c0 la Pension AlmayerIl y a sept chambres \u00e0 louerLa moiti\u00e9 sont peintes en vertEt deux autres sont dor\u00e9es Si vous arrivez dimancheVous aurez la chambre blancheSi vous arrivez fort tardVous aurez la [&hellip;]<\/p>\n","protected":false},"author":2,"featured_media":0,"parent":0,"menu_order":0,"comment_status":"closed","ping_status":"closed","template":"","meta":[],"_links":{"self":[{"href":"https:\/\/lapensionalmayer.com\/index.php\/wp-json\/wp\/v2\/pages\/2"}],"collection":[{"href":"https:\/\/lapensionalmayer.com\/index.php\/wp-json\/wp\/v2\/pages"}],"about":[{"href":"https:\/\/lapensionalmayer.com\/index.php\/wp-json\/wp\/v2\/types\/page"}],"author":[{"embeddable":true,"href":"https:\/\/lapensionalmayer.com\/index.php\/wp-json\/wp\/v2\/users\/2"}],"replies":[{"embeddable":true,"href":"https:\/\/lapensionalmayer.com\/index.php\/wp-json\/wp\/v2\/comments?post=2"}],"version-history":[{"count":31,"href":"https:\/\/lapensionalmayer.com\/index.php\/wp-json\/wp\/v2\/pages\/2\/revisions"}],"predecessor-version":[{"id":611,"href":"https:\/\/lapensionalmayer.com\/index.php\/wp-json\/wp\/v2\/pages\/2\/revisions\/611"}],"wp:attachment":[{"href":"https:\/\/lapensionalmayer.com\/index.php\/wp-json\/wp\/v2\/media?parent=2"}],"curies":[{"name":"wp","href":"https:\/\/api.w.org\/{rel}","templated":true}]}}