{"id":324,"date":"2019-02-28T09:27:32","date_gmt":"2019-02-28T08:27:32","guid":{"rendered":"http:\/\/lapensionalmayer.com\/?page_id=324"},"modified":"2020-11-11T13:34:10","modified_gmt":"2020-11-11T12:34:10","slug":"presse","status":"publish","type":"page","link":"https:\/\/lapensionalmayer.com\/index.php\/presse\/","title":{"rendered":"Presse"},"content":{"rendered":"<hr \/>\n<p>L&#8217;incroyable biblioth\u00e8que Almayer fait son apparition dans la presse malgr\u00e9 le confinement:<\/p>\n<ul>\n<li><a href=\"https:\/\/www.rtbf.be\/auvio\/detail_le-mug?id=2701743\" target=\"_blank\" rel=\"noopener noreferrer\">Le Mug<\/a>, \u00e9mission du 10 novembre 2020.<\/li>\n<\/ul>\n<p>La pension Almayer a b\u00e9n\u00e9fici\u00e9 d&#8217;une excellente r\u00e9ception dans la presse, en voici une s\u00e9lection:<\/p>\n<ul>\n<li><a href=\"https:\/\/www.bazarmagazin.com\/art\/livre-sensoriel-la-pension-almayer-cindya-izzarelli-philippe-debongnie#.XHeaWtF7nMU\" target=\"_blank\" rel=\"noopener noreferrer\">Bazar magazine<\/a>, un article de Julie Nysten datant du 14 v\u00e9vrier 2019.<\/li>\n<li><a href=\"https:\/\/www.rtbf.be\/auvio\/detail_c-est-du-belge?id=2460898\" target=\"_blank\" rel=\"noopener noreferrer\">C&#8217;est du Belge<\/a>, \u00e9mission du 15 f\u00e9vrier 2019.<\/li>\n<li><a href=\"https:\/\/www.rtbf.be\/auvio\/detail_jour-premiere?id=2467700\" target=\"_blank\" rel=\"noopener noreferrer\">Jour premi\u00e8re<\/a>, \u00e9mission du 5 mars 2019.<\/li>\n<li><a href=\"https:\/\/www.lalibre.be\/lifestyle\/magazine\/objet-de-desir-le-roman-choral-illustre-la-pension-almayer-5ca1ffe89978e263332f66a3\" target=\"_blank\" rel=\"noopener noreferrer\">Lalibre.be<\/a>, article du 1er avril 2019.<\/li>\n<\/ul>\n<div id='gallery-1' class='gallery galleryid-324 gallery-columns-2 gallery-size-medium'><figure class='gallery-item'>\n\t\t\t<div class='gallery-icon portrait'>\n\t\t\t\t<a href='https:\/\/lapensionalmayer.com\/index.php\/presse\/almayer_elle_belgique_mars_2019\/'><img width=\"234\" height=\"300\" src=\"https:\/\/lapensionalmayer.com\/wp-content\/uploads\/2019\/02\/Almayer_Elle_Belgique_mars_2019-234x300.jpg\" class=\"attachment-medium size-medium\" alt=\"\" loading=\"lazy\" aria-describedby=\"gallery-1-325\" srcset=\"https:\/\/lapensionalmayer.com\/wp-content\/uploads\/2019\/02\/Almayer_Elle_Belgique_mars_2019-234x300.jpg 234w, https:\/\/lapensionalmayer.com\/wp-content\/uploads\/2019\/02\/Almayer_Elle_Belgique_mars_2019-768x983.jpg 768w, https:\/\/lapensionalmayer.com\/wp-content\/uploads\/2019\/02\/Almayer_Elle_Belgique_mars_2019-600x768.jpg 600w, https:\/\/lapensionalmayer.com\/wp-content\/uploads\/2019\/02\/Almayer_Elle_Belgique_mars_2019.jpg 781w\" sizes=\"(max-width: 234px) 100vw, 234px\" \/><\/a>\n\t\t\t<\/div>\n\t\t\t\t<figcaption class='wp-caption-text gallery-caption' id='gallery-1-325'>\n\t\t\t\tElle Belgique &#8211; mars 2019\n\t\t\t\t<\/figcaption><\/figure><figure class='gallery-item'>\n\t\t\t<div class='gallery-icon portrait'>\n\t\t\t\t<a href='https:\/\/lapensionalmayer.com\/index.php\/presse\/almayer_gael_mars_2019\/'><img width=\"229\" height=\"300\" src=\"https:\/\/lapensionalmayer.com\/wp-content\/uploads\/2019\/02\/Almayer_Gael_mars_2019-229x300.jpg\" class=\"attachment-medium size-medium\" alt=\"\" loading=\"lazy\" aria-describedby=\"gallery-1-326\" srcset=\"https:\/\/lapensionalmayer.com\/wp-content\/uploads\/2019\/02\/Almayer_Gael_mars_2019-229x300.jpg 229w, https:\/\/lapensionalmayer.com\/wp-content\/uploads\/2019\/02\/Almayer_Gael_mars_2019-768x1005.jpg 768w, https:\/\/lapensionalmayer.com\/wp-content\/uploads\/2019\/02\/Almayer_Gael_mars_2019-782x1024.jpg 782w, https:\/\/lapensionalmayer.com\/wp-content\/uploads\/2019\/02\/Almayer_Gael_mars_2019-600x785.jpg 600w\" sizes=\"(max-width: 229px) 100vw, 229px\" \/><\/a>\n\t\t\t<\/div>\n\t\t\t\t<figcaption class='wp-caption-text gallery-caption' id='gallery-1-326'>\n\t\t\t\tGa\u00ebl magazine &#8211; mars 2019\n\t\t\t\t<\/figcaption><\/figure><figure class='gallery-item'>\n\t\t\t<div class='gallery-icon portrait'>\n\t\t\t\t<a href='https:\/\/lapensionalmayer.com\/index.php\/presse\/almayer_dh_16-03-2019\/'><img width=\"221\" height=\"300\" src=\"https:\/\/lapensionalmayer.com\/wp-content\/uploads\/2019\/03\/Almayer_DH_16-03-2019-221x300.png\" class=\"attachment-medium size-medium\" alt=\"\" loading=\"lazy\" aria-describedby=\"gallery-1-351\" srcset=\"https:\/\/lapensionalmayer.com\/wp-content\/uploads\/2019\/03\/Almayer_DH_16-03-2019-221x300.png 221w, https:\/\/lapensionalmayer.com\/wp-content\/uploads\/2019\/03\/Almayer_DH_16-03-2019-600x815.png 600w, https:\/\/lapensionalmayer.com\/wp-content\/uploads\/2019\/03\/Almayer_DH_16-03-2019.png 673w\" sizes=\"(max-width: 221px) 100vw, 221px\" \/><\/a>\n\t\t\t<\/div>\n\t\t\t\t<figcaption class='wp-caption-text gallery-caption' id='gallery-1-351'>\n\t\t\t\tLA DH mag &#8211; 17 mars 2019\n\t\t\t\t<\/figcaption><\/figure><figure class='gallery-item'>\n\t\t\t<div class='gallery-icon portrait'>\n\t\t\t\t<a href='https:\/\/lapensionalmayer.com\/index.php\/presse\/almayer_marie-claire_avril-2019\/'><img width=\"230\" height=\"300\" src=\"https:\/\/lapensionalmayer.com\/wp-content\/uploads\/2019\/03\/Almayer_Marie-Claire_avril-2019-230x300.png\" class=\"attachment-medium size-medium\" alt=\"\" loading=\"lazy\" aria-describedby=\"gallery-1-353\" srcset=\"https:\/\/lapensionalmayer.com\/wp-content\/uploads\/2019\/03\/Almayer_Marie-Claire_avril-2019-230x300.png 230w, https:\/\/lapensionalmayer.com\/wp-content\/uploads\/2019\/03\/Almayer_Marie-Claire_avril-2019.png 555w\" sizes=\"(max-width: 230px) 100vw, 230px\" \/><\/a>\n\t\t\t<\/div>\n\t\t\t\t<figcaption class='wp-caption-text gallery-caption' id='gallery-1-353'>\n\t\t\t\tMarie-Claire Belgique &#8211; avril 2019\n\t\t\t\t<\/figcaption><\/figure>\n\t\t<\/div>\n\n","protected":false},"excerpt":{"rendered":"<p>L&#8217;incroyable biblioth\u00e8que Almayer fait son apparition dans la presse malgr\u00e9 le confinement: Le Mug, \u00e9mission du 10 novembre 2020. La pension Almayer a b\u00e9n\u00e9fici\u00e9 d&#8217;une excellente r\u00e9ception dans la presse, en voici une s\u00e9lection: Bazar magazine, un article de Julie Nysten datant du 14 v\u00e9vrier 2019. C&#8217;est du Belge, \u00e9mission du 15 f\u00e9vrier 2019. Jour [&hellip;]<\/p>\n","protected":false},"author":2,"featured_media":0,"parent":0,"menu_order":0,"comment_status":"closed","ping_status":"closed","template":"","meta":[],"_links":{"self":[{"href":"https:\/\/lapensionalmayer.com\/index.php\/wp-json\/wp\/v2\/pages\/324"}],"collection":[{"href":"https:\/\/lapensionalmayer.com\/index.php\/wp-json\/wp\/v2\/pages"}],"about":[{"href":"https:\/\/lapensionalmayer.com\/index.php\/wp-json\/wp\/v2\/types\/page"}],"author":[{"embeddable":true,"href":"https:\/\/lapensionalmayer.com\/index.php\/wp-json\/wp\/v2\/users\/2"}],"replies":[{"embeddable":true,"href":"https:\/\/lapensionalmayer.com\/index.php\/wp-json\/wp\/v2\/comments?post=324"}],"version-history":[{"count":8,"href":"https:\/\/lapensionalmayer.com\/index.php\/wp-json\/wp\/v2\/pages\/324\/revisions"}],"predecessor-version":[{"id":429,"href":"https:\/\/lapensionalmayer.com\/index.php\/wp-json\/wp\/v2\/pages\/324\/revisions\/429"}],"wp:attachment":[{"href":"https:\/\/lapensionalmayer.com\/index.php\/wp-json\/wp\/v2\/media?parent=324"}],"curies":[{"name":"wp","href":"https:\/\/api.w.org\/{rel}","templated":true}]}}